{"id":36,"date":"2017-02-16T09:13:19","date_gmt":"2017-02-16T08:13:19","guid":{"rendered":"http:\/\/mxajfmgl.preview.infomaniak.website\/?page_id=36"},"modified":"2024-05-04T11:52:54","modified_gmt":"2024-05-04T09:52:54","slug":"home","status":"publish","type":"page","link":"https:\/\/home.thelastbee.ch\/fr_fr\/","title":{"rendered":"HOME"},"content":{"rendered":"<p>[et_pb_section fb_built=\u00a0\u00bb1&Prime; _builder_version=\u00a0\u00bb4.21.0&Prime; _module_preset=\u00a0\u00bbdefault\u00a0\u00bb background_color=\u00a0\u00bb#565868&Prime; global_colors_info=\u00a0\u00bb{}\u00a0\u00bb][et_pb_row _builder_version=\u00a0\u00bb4.21.0&Prime; _module_preset=\u00a0\u00bbdefault\u00a0\u00bb global_colors_info=\u00a0\u00bb{}\u00a0\u00bb][et_pb_column type=\u00a0\u00bb4_4&Prime; _builder_version=\u00a0\u00bb4.21.0&Prime; _module_preset=\u00a0\u00bbdefault\u00a0\u00bb global_colors_info=\u00a0\u00bb{}\u00a0\u00bb][et_pb_text _builder_version=\u00a0\u00bb4.21.0&Prime; _module_preset=\u00a0\u00bbdefault\u00a0\u00bb text_font=\u00a0\u00bb|600|||||||\u00a0\u00bb text_text_color=\u00a0\u00bb#FFFFFF\u00a0\u00bb text_font_size=\u00a0\u00bb30px\u00a0\u00bb background_color=\u00a0\u00bb#565868&Prime; global_colors_info=\u00a0\u00bb{}\u00a0\u00bb]<\/p>\n<p>Bienvenue sur le site web de la Derni\u00e8re Abeille<\/p>\n<p>[\/et_pb_text][\/et_pb_column][\/et_pb_row][\/et_pb_section][et_pb_section fb_built=\u00a0\u00bb1&Prime; _builder_version=\u00a0\u00bb4.21.0&Prime; _module_preset=\u00a0\u00bbdefault\u00a0\u00bb background_color=\u00a0\u00bb#33343f\u00a0\u00bb custom_padding=\u00a0\u00bb||30px|||\u00a0\u00bb global_colors_info=\u00a0\u00bb{}\u00a0\u00bb][et_pb_row _builder_version=\u00a0\u00bb4.21.0&Prime; _module_preset=\u00a0\u00bbdefault\u00a0\u00bb global_colors_info=\u00a0\u00bb{}\u00a0\u00bb][et_pb_column type=\u00a0\u00bb4_4&Prime; _builder_version=\u00a0\u00bb4.21.0&Prime; _module_preset=\u00a0\u00bbdefault\u00a0\u00bb global_colors_info=\u00a0\u00bb{}\u00a0\u00bb][et_pb_text _builder_version=\u00a0\u00bb4.21.0&Prime; _module_preset=\u00a0\u00bbdefault\u00a0\u00bb text_font=\u00a0\u00bb|600|||||||\u00a0\u00bb text_text_color=\u00a0\u00bb#FFFFFF\u00a0\u00bb text_font_size=\u00a0\u00bb20px\u00a0\u00bb global_colors_info=\u00a0\u00bb{}\u00a0\u00bb]<\/p>\n<p>Vous \u00eates sur la page d&rsquo;accueil de thelastbee.ch<\/p>\n<p>C&rsquo;est ici que vous pouvez acc\u00e9der aux diff\u00e9rents sites suivants :<\/p>\n<p>[\/et_pb_text][\/et_pb_column][\/et_pb_row][et_pb_row _builder_version=\u00a0\u00bb4.21.0&Prime; _module_preset=\u00a0\u00bbdefault\u00a0\u00bb custom_padding=\u00a0\u00bb|||20px|false|false\u00a0\u00bb global_colors_info=\u00a0\u00bb{}\u00a0\u00bb][et_pb_column type=\u00a0\u00bb4_4&Prime; _builder_version=\u00a0\u00bb4.21.0&Prime; _module_preset=\u00a0\u00bbdefault\u00a0\u00bb global_colors_info=\u00a0\u00bb{}\u00a0\u00bb][et_pb_text _builder_version=\u00a0\u00bb4.22.1&Prime; _module_preset=\u00a0\u00bbdefault\u00a0\u00bb text_font=\u00a0\u00bb|600|||||||\u00a0\u00bb text_text_color=\u00a0\u00bb#FFFFFF\u00a0\u00bb text_font_size=\u00a0\u00bb18px\u00a0\u00bb link_option_url=\u00a0\u00bbnature.thelastbee.ch\u00a0\u00bb global_colors_info=\u00a0\u00bb{}\u00a0\u00bb]<\/p>\n<p><img loading=\"lazy\" decoding=\"async\" src=\"https:\/\/home.thelastbee.ch\/wp-content\/uploads\/2023\/08\/Sterne-320-300x300.jpg\" width=\"100\" height=\"100\" alt=\"\" class=\"wp-image-29304 alignnone size-medium\" srcset=\"https:\/\/home.thelastbee.ch\/wp-content\/uploads\/2023\/08\/Sterne-320-300x300.jpg 300w, https:\/\/home.thelastbee.ch\/wp-content\/uploads\/2023\/08\/Sterne-320-150x150.jpg 150w, https:\/\/home.thelastbee.ch\/wp-content\/uploads\/2023\/08\/Sterne-320-12x12.jpg 12w, https:\/\/home.thelastbee.ch\/wp-content\/uploads\/2023\/08\/Sterne-320.jpg 320w\" sizes=\"(max-width: 100px) 100vw, 100px\" \/> &nbsp; Vid\u00e9os et photos de la nature en Europe et dans le monde : nature.thelastbee.ch<\/p>\n<p>[\/et_pb_text][et_pb_text _builder_version=\u00a0\u00bb4.22.1&Prime; _module_preset=\u00a0\u00bbdefault\u00a0\u00bb text_font=\u00a0\u00bb|600|||||||\u00a0\u00bb text_text_color=\u00a0\u00bb#FFFFFF\u00a0\u00bb text_font_size=\u00a0\u00bb18px\u00a0\u00bb link_option_url=\u00a0\u00bbblog.thelastbee.ch\u00a0\u00bb global_colors_info=\u00a0\u00bb{}\u00a0\u00bb]<\/p>\n<p><img loading=\"lazy\" decoding=\"async\" src=\"https:\/\/home.thelastbee.ch\/wp-content\/uploads\/2023\/08\/Blog-for-home-300x255.png\" width=\"100\" height=\"120\" alt=\"\" class=\"wp-image-29303 alignnone size-medium\" \/> &nbsp; Le Blog-note de la Derni\u00e8re Abeille : blog.thelastbee.ch<\/p>\n<p>[\/et_pb_text][et_pb_text admin_label=\u00a0\u00bbTexte\u00a0\u00bb _builder_version=\u00a0\u00bb4.22.1&Prime; _module_preset=\u00a0\u00bbdefault\u00a0\u00bb text_font=\u00a0\u00bb|600|||||||\u00a0\u00bb text_text_color=\u00a0\u00bb#FFFFFF\u00a0\u00bb text_font_size=\u00a0\u00bb18px\u00a0\u00bb link_option_url=\u00a0\u00bbwildlife-moviemaking.thelastbee.ch\u00a0\u00bb global_colors_info=\u00a0\u00bb{}\u00a0\u00bb]<img loading=\"lazy\" decoding=\"async\" src=\"https:\/\/home.thelastbee.ch\/wp-content\/uploads\/2023\/08\/Svalbard-MM-300x300.jpg\" width=\"100\" height=\"300\" alt=\"\" class=\"wp-image-29305 alignnone size-medium\" \/> \u00a0 Mon exp\u00e9rience dans la cr\u00e9ation de vid\u00e9os dans la nature: wildlife-moviemaking.thelastbee.ch<\/p>\n<p>[\/et_pb_text][\/et_pb_column][\/et_pb_row][et_pb_row _builder_version=\u00a0\u00bb4.21.0&Prime; _module_preset=\u00a0\u00bbdefault\u00a0\u00bb global_colors_info=\u00a0\u00bb{}\u00a0\u00bb][et_pb_column type=\u00a0\u00bb4_4&Prime; _builder_version=\u00a0\u00bb4.21.0&Prime; _module_preset=\u00a0\u00bbdefault\u00a0\u00bb global_colors_info=\u00a0\u00bb{}\u00a0\u00bb][et_pb_text _builder_version=\u00a0\u00bb4.21.0&Prime; _module_preset=\u00a0\u00bbdefault\u00a0\u00bb text_font=\u00a0\u00bb|600|||||||\u00a0\u00bb text_text_color=\u00a0\u00bb#FFFFFF\u00a0\u00bb text_font_size=\u00a0\u00bb20px\u00a0\u00bb global_colors_info=\u00a0\u00bb{}\u00a0\u00bb]<\/p>\n<p>A propos de iThink Solutions<\/p>\n<p>[\/et_pb_text][et_pb_text _builder_version=\u00a0\u00bb4.21.0&Prime; _module_preset=\u00a0\u00bbdefault\u00a0\u00bb text_text_color=\u00a0\u00bb#FFFFFF\u00a0\u00bb text_font_size=\u00a0\u00bb16px\u00a0\u00bb global_colors_info=\u00a0\u00bb{}\u00a0\u00bb]<\/p>\n<p>Apr\u00e8s 15 ans o\u00f9 nous avons utilis\u00e9 des applications toutes pr\u00eates pour le Mac, c\u2019est en 1999 que nous avons commenc\u00e9 \u00e0 d\u00e9velopper les n\u00f4tres.<\/p>\n<p>Depuis 2012, le d\u00e9veloppement concerne aussi l\u2019iPhone, en assurant la compatibilit\u00e9 avec l\u2019iPad.<\/p>\n<p>Pour les ornithologues, nous avons cr\u00e9\u00e9 le Dictionnaire Multilingues des Oiseaux d\u2019Europe sur iPhone et iPad, dont les copies d\u2019\u00e9cran ci-contre donnent un aper\u00e7u. 427 esp\u00e8ces sont list\u00e9es en 8 langues, dont \u00e9videmment le latin. A droite, la version gratuite listant 160 esp\u00e8ces d&rsquo;oiseaux d&rsquo;eau en 4 langues.<\/p>\n<p>[\/et_pb_text][et_pb_gallery gallery_ids=\u00a0\u00bb29257,29256,29255,29264&Prime; show_title_and_caption=\u00a0\u00bboff\u00a0\u00bb show_pagination=\u00a0\u00bboff\u00a0\u00bb _builder_version=\u00a0\u00bb4.21.0&Prime; _module_preset=\u00a0\u00bbdefault\u00a0\u00bb module_alignment=\u00a0\u00bbleft\u00a0\u00bb custom_margin=\u00a0\u00bb0px||-40px|0px|false|false\u00a0\u00bb custom_padding=\u00a0\u00bb|||0px|false|false\u00a0\u00bb global_colors_info=\u00a0\u00bb{}\u00a0\u00bb][\/et_pb_gallery][et_pb_text _builder_version=\u00a0\u00bb4.21.0&Prime; _module_preset=\u00a0\u00bbdefault\u00a0\u00bb text_font=\u00a0\u00bb|600|||||||\u00a0\u00bb text_text_color=\u00a0\u00bb#FFFFFF\u00a0\u00bb text_font_size=\u00a0\u00bb18px\u00a0\u00bb text_orientation=\u00a0\u00bbcenter\u00a0\u00bb link_option_url=\u00a0\u00bbhttps:\/\/www.ithink.ch\/french.html\u00a0\u00bb link_option_url_new_window=\u00a0\u00bbon\u00a0\u00bb global_colors_info=\u00a0\u00bb{}\u00a0\u00bb]<\/p>\n<p>On trouvera davantage de d\u00e9tails sur le site ithink.ch<\/p>\n<p>[\/et_pb_text][et_pb_text _builder_version=\u00a0\u00bb4.21.0&Prime; _module_preset=\u00a0\u00bbdefault\u00a0\u00bb text_text_color=\u00a0\u00bb#FFFFFF\u00a0\u00bb text_font_size=\u00a0\u00bb16px\u00a0\u00bb link_option_url=\u00a0\u00bbithink.ch\/orchidees\/\u00a0\u00bb link_option_url_new_window=\u00a0\u00bbon\u00a0\u00bb global_colors_info=\u00a0\u00bb{}\u00a0\u00bb]<\/p>\n<p>Pour la petite histoire, un des premiers site web sur ithink listait quelques orchid\u00e9es sauvages de Suisse : ithink.ch\/orchidees\/<\/p>\n<p>[\/et_pb_text][et_pb_image src=\u00a0\u00bbhttps:\/\/home.thelastbee.ch\/wp-content\/uploads\/2023\/07\/Orchidees-de-Suisse.png\u00a0\u00bb title_text=\u00a0\u00bbOrchid\u00e9es de Suisse\u00a0\u00bb align=\u00a0\u00bbcenter\u00a0\u00bb _builder_version=\u00a0\u00bb4.21.0&Prime; _module_preset=\u00a0\u00bbdefault\u00a0\u00bb global_colors_info=\u00a0\u00bb{}\u00a0\u00bb][\/et_pb_image][et_pb_divider color=\u00a0\u00bb#FFFFFF\u00a0\u00bb divider_weight=\u00a0\u00bb2px\u00a0\u00bb _builder_version=\u00a0\u00bb4.21.0&Prime; _module_preset=\u00a0\u00bbdefault\u00a0\u00bb global_colors_info=\u00a0\u00bb{}\u00a0\u00bb][\/et_pb_divider][\/et_pb_column][\/et_pb_row][et_pb_row _builder_version=\u00a0\u00bb4.21.0&Prime; _module_preset=\u00a0\u00bbdefault\u00a0\u00bb global_colors_info=\u00a0\u00bb{}\u00a0\u00bb][et_pb_column type=\u00a0\u00bb4_4&Prime; _builder_version=\u00a0\u00bb4.21.0&Prime; _module_preset=\u00a0\u00bbdefault\u00a0\u00bb global_colors_info=\u00a0\u00bb{}\u00a0\u00bb][et_pb_text _builder_version=\u00a0\u00bb4.21.0&Prime; _module_preset=\u00a0\u00bbdefault\u00a0\u00bb text_font=\u00a0\u00bb|600|||||||\u00a0\u00bb text_text_color=\u00a0\u00bb#FFFFFF\u00a0\u00bb text_font_size=\u00a0\u00bb20px\u00a0\u00bb background_color=\u00a0\u00bb#33343f\u00a0\u00bb global_colors_info=\u00a0\u00bb{}\u00a0\u00bb]<\/p>\n<p>Pourquoi le nom de domaine \u00ab thelastbee.ch \u00bb ?[\/et_pb_text][et_pb_text _builder_version=\u00a0\u00bb4.21.0&Prime; _module_preset=\u00a0\u00bbdefault\u00a0\u00bb text_text_color=\u00a0\u00bb#FFFFFF\u00a0\u00bb text_font_size=\u00a0\u00bb16px\u00a0\u00bb global_colors_info=\u00a0\u00bb{}\u00a0\u00bb]<\/p>\n<p>Le 30 octobre 2019, Sebastian SEBOLD et col. publient une \u00e9tude montrant une diminution de plus de 60 % des esp\u00e8ces d\u2019insectes dans les prairies et de plus de 40 % dans les for\u00eats en Allemagne. Relay\u00e9e par TV5 Monde, l\u2019information est compl\u00e9t\u00e9e par des donn\u00e9es am\u00e9ricaines et hollandaises faisant \u00e9tat d\u2019une diminution de plus de 80 % en 40 ans chez les premiers et de 75 % chez les seconds.<\/p>\n<p>Lors de deux voyages en Espagne, en 2018 et 2019, j\u2019avais constat\u00e9 que l\u2019abondance d\u2019insectes dans ce pays imposait de nettoyer le pare-brise tous les deux jours, m\u00eame sur de petites routes secondaires, alors qu\u2019en passant la fronti\u00e8re Fran\u00e7aise au Perthus \u00e0 notre retour, aucun nettoyage n\u2019a \u00e9t\u00e9 n\u00e9cessaire durant plus d\u2019une semaine. Et j\u2019ai pu faire la m\u00eame constatation en Suisse.<\/p>\n<p>Moins d\u2019insectes, cela signifie en cons\u00e9quence moins d\u2019oiseaux. En Suisse, le nettoyage des bords de routes (pouss\u00e9 \u00e0 l\u2019extr\u00eame dans ma commune) et l\u2019appauvrissement g\u00e9n\u00e9ral des prairies fleuries ont conduit \u00e0 une rar\u00e9faction des papillons.<\/p>\n<p>En 50 ans de pratique de l\u2019ornithologie, et de l\u2019observation de la nature en g\u00e9n\u00e9ral, j\u2019ai assist\u00e9 paradoxalement \u00e0 la pr\u00e9sence de plus en plus fr\u00e9quente de certaines esp\u00e8ces, comme le corbeau freux, le milan royal ou d\u2019autres opportunistes, ce qui n\u2019est pas forc\u00e9ment le signe d\u2019une am\u00e9lioration de la sant\u00e9 de notre territoire.<\/p>\n<p>[\/et_pb_text][\/et_pb_column][\/et_pb_row][\/et_pb_section]<\/p>\n","protected":false},"excerpt":{"rendered":"<p>Bienvenue sur le site web de la Derni\u00e8re AbeilleVous \u00eates sur la page d&rsquo;accueil de thelastbee.ch C&rsquo;est ici que vous pouvez acc\u00e9der aux diff\u00e9rents sites suivants : &nbsp; Vid\u00e9os et photos de la nature en Europe et dans le monde : nature.thelastbee.ch &nbsp; Le Blog-note de la Derni\u00e8re Abeille : blog.thelastbee.ch \u00a0 Mon exp\u00e9rience dans [&hellip;]<\/p>\n","protected":false},"author":1,"featured_media":0,"parent":0,"menu_order":0,"comment_status":"closed","ping_status":"closed","template":"","meta":{"_et_pb_use_builder":"on","_et_pb_old_content":"","_et_gb_content_width":"","footnotes":""},"class_list":["post-36","page","type-page","status-publish","hentry"],"_links":{"self":[{"href":"https:\/\/home.thelastbee.ch\/fr_fr\/wp-json\/wp\/v2\/pages\/36","targetHints":{"allow":["GET"]}}],"collection":[{"href":"https:\/\/home.thelastbee.ch\/fr_fr\/wp-json\/wp\/v2\/pages"}],"about":[{"href":"https:\/\/home.thelastbee.ch\/fr_fr\/wp-json\/wp\/v2\/types\/page"}],"author":[{"embeddable":true,"href":"https:\/\/home.thelastbee.ch\/fr_fr\/wp-json\/wp\/v2\/users\/1"}],"replies":[{"embeddable":true,"href":"https:\/\/home.thelastbee.ch\/fr_fr\/wp-json\/wp\/v2\/comments?post=36"}],"version-history":[{"count":66,"href":"https:\/\/home.thelastbee.ch\/fr_fr\/wp-json\/wp\/v2\/pages\/36\/revisions"}],"predecessor-version":[{"id":29315,"href":"https:\/\/home.thelastbee.ch\/fr_fr\/wp-json\/wp\/v2\/pages\/36\/revisions\/29315"}],"wp:attachment":[{"href":"https:\/\/home.thelastbee.ch\/fr_fr\/wp-json\/wp\/v2\/media?parent=36"}],"curies":[{"name":"wp","href":"https:\/\/api.w.org\/{rel}","templated":true}]}}